{"id":266,"date":"2025-02-12T13:22:21","date_gmt":"2025-02-12T13:22:21","guid":{"rendered":"https:\/\/smartguardtechnology.com\/?page_id=266"},"modified":"2025-04-09T12:22:35","modified_gmt":"2025-04-09T12:22:35","slug":"insurance-companies","status":"publish","type":"page","link":"https:\/\/smartguardtechnology.com\/hu\/insurance-companies\/","title":{"rendered":"Insurance companies"},"content":{"rendered":"","protected":false},"excerpt":{"rendered":"","protected":false},"author":1,"featured_media":456,"parent":0,"menu_order":0,"comment_status":"closed","ping_status":"closed","template":"industry_subpage.php","meta":{"_acf_changed":false,"footnotes":""},"class_list":["post-266","page","type-page","status-publish","has-post-thumbnail","hentry"],"acf":[],"yoast_head":"<!-- This site is optimized with the Yoast SEO plugin v27.2 - https:\/\/yoast.com\/product\/yoast-seo-wordpress\/ -->\n<title>Reduce Claims &amp; Improve Risk Management | SmartGuard<\/title>\n<meta name=\"description\" content=\"Enhance risk assessment with SmartGuard\u2019s real-time monitoring. Reduce losses, detect risks early, and optimize insurance processes.\" \/>\n<meta name=\"robots\" content=\"index, follow, max-snippet:-1, max-image-preview:large, max-video-preview:-1\" \/>\n<link rel=\"canonical\" href=\"https:\/\/smartguardtechnology.com\/hu\/insurance-companies\/\" \/>\n<meta property=\"og:locale\" content=\"hu_HU\" \/>\n<meta property=\"og:type\" content=\"article\" \/>\n<meta property=\"og:title\" content=\"Reduce Claims &amp; Improve Risk Management | SmartGuard\" \/>\n<meta property=\"og:description\" content=\"Enhance risk assessment with SmartGuard\u2019s real-time monitoring. Reduce losses, detect risks early, and optimize insurance processes.\" \/>\n<meta property=\"og:url\" content=\"https:\/\/smartguardtechnology.com\/hu\/insurance-companies\/\" \/>\n<meta property=\"og:site_name\" content=\"Smart Guard Technology\" \/>\n<meta property=\"article:modified_time\" content=\"2025-04-09T12:22:35+00:00\" \/>\n<meta property=\"og:image\" content=\"https:\/\/smartguardtechnology.com\/wp-content\/uploads\/2025\/03\/SG_logo_final_lyukasztott.png\" \/>\n\t<meta property=\"og:image:width\" content=\"432\" \/>\n\t<meta property=\"og:image:height\" content=\"432\" \/>\n\t<meta property=\"og:image:type\" content=\"image\/png\" \/>\n<meta name=\"twitter:card\" content=\"summary_large_image\" \/>\n<meta name=\"twitter:label1\" content=\"Becs\u00fclt olvas\u00e1si id\u0151\" \/>\n\t<meta name=\"twitter:data1\" content=\"1 perc\" \/>\n<script type=\"application\/ld+json\" class=\"yoast-schema-graph\">{\"@context\":\"https:\/\/schema.org\",\"@graph\":[{\"@type\":\"WebPage\",\"@id\":\"https:\/\/smartguardtechnology.com\/insurance-companies\/\",\"url\":\"https:\/\/smartguardtechnology.com\/insurance-companies\/\",\"name\":\"Reduce Claims & Improve Risk Management | SmartGuard\",\"isPartOf\":{\"@id\":\"https:\/\/smartguardtechnology.com\/#website\"},\"primaryImageOfPage\":{\"@id\":\"https:\/\/smartguardtechnology.com\/insurance-companies\/#primaryimage\"},\"image\":{\"@id\":\"https:\/\/smartguardtechnology.com\/insurance-companies\/#primaryimage\"},\"thumbnailUrl\":\"https:\/\/smartguardtechnology.com\/wp-content\/uploads\/2025\/03\/SG_logo_final_lyukasztott.png\",\"datePublished\":\"2025-02-12T13:22:21+00:00\",\"dateModified\":\"2025-04-09T12:22:35+00:00\",\"description\":\"Enhance risk assessment with SmartGuard\u2019s real-time monitoring. Reduce losses, detect risks early, and optimize insurance processes.\",\"breadcrumb\":{\"@id\":\"https:\/\/smartguardtechnology.com\/insurance-companies\/#breadcrumb\"},\"inLanguage\":\"hu\",\"potentialAction\":[{\"@type\":\"ReadAction\",\"target\":[\"https:\/\/smartguardtechnology.com\/insurance-companies\/\"]}]},{\"@type\":\"ImageObject\",\"inLanguage\":\"hu\",\"@id\":\"https:\/\/smartguardtechnology.com\/insurance-companies\/#primaryimage\",\"url\":\"https:\/\/smartguardtechnology.com\/wp-content\/uploads\/2025\/03\/SG_logo_final_lyukasztott.png\",\"contentUrl\":\"https:\/\/smartguardtechnology.com\/wp-content\/uploads\/2025\/03\/SG_logo_final_lyukasztott.png\",\"width\":432,\"height\":432},{\"@type\":\"BreadcrumbList\",\"@id\":\"https:\/\/smartguardtechnology.com\/insurance-companies\/#breadcrumb\",\"itemListElement\":[{\"@type\":\"ListItem\",\"position\":1,\"name\":\"Home\",\"item\":\"https:\/\/smartguardtechnology.com\/\"},{\"@type\":\"ListItem\",\"position\":2,\"name\":\"Insurance companies\"}]},{\"@type\":\"WebSite\",\"@id\":\"https:\/\/smartguardtechnology.com\/#website\",\"url\":\"https:\/\/smartguardtechnology.com\/\",\"name\":\"Smartguardtechnology\",\"description\":\"\",\"potentialAction\":[{\"@type\":\"SearchAction\",\"target\":{\"@type\":\"EntryPoint\",\"urlTemplate\":\"https:\/\/smartguardtechnology.com\/?s={search_term_string}\"},\"query-input\":{\"@type\":\"PropertyValueSpecification\",\"valueRequired\":true,\"valueName\":\"search_term_string\"}}],\"inLanguage\":\"hu\"}]}<\/script>\n<!-- \/ Yoast SEO plugin. -->","yoast_head_json":{"title":"Reduce Claims & Improve Risk Management | SmartGuard","description":"Enhance risk assessment with SmartGuard\u2019s real-time monitoring. Reduce losses, detect risks early, and optimize insurance processes.","robots":{"index":"index","follow":"follow","max-snippet":"max-snippet:-1","max-image-preview":"max-image-preview:large","max-video-preview":"max-video-preview:-1"},"canonical":"https:\/\/smartguardtechnology.com\/hu\/insurance-companies\/","og_locale":"hu_HU","og_type":"article","og_title":"Reduce Claims & Improve Risk Management | SmartGuard","og_description":"Enhance risk assessment with SmartGuard\u2019s real-time monitoring. Reduce losses, detect risks early, and optimize insurance processes.","og_url":"https:\/\/smartguardtechnology.com\/hu\/insurance-companies\/","og_site_name":"Smart Guard Technology","article_modified_time":"2025-04-09T12:22:35+00:00","og_image":[{"width":432,"height":432,"url":"https:\/\/smartguardtechnology.com\/wp-content\/uploads\/2025\/03\/SG_logo_final_lyukasztott.png","type":"image\/png"}],"twitter_card":"summary_large_image","twitter_misc":{"Becs\u00fclt olvas\u00e1si id\u0151":"1 perc"},"schema":{"@context":"https:\/\/schema.org","@graph":[{"@type":"WebPage","@id":"https:\/\/smartguardtechnology.com\/insurance-companies\/","url":"https:\/\/smartguardtechnology.com\/insurance-companies\/","name":"Reduce Claims & Improve Risk Management | SmartGuard","isPartOf":{"@id":"https:\/\/smartguardtechnology.com\/#website"},"primaryImageOfPage":{"@id":"https:\/\/smartguardtechnology.com\/insurance-companies\/#primaryimage"},"image":{"@id":"https:\/\/smartguardtechnology.com\/insurance-companies\/#primaryimage"},"thumbnailUrl":"https:\/\/smartguardtechnology.com\/wp-content\/uploads\/2025\/03\/SG_logo_final_lyukasztott.png","datePublished":"2025-02-12T13:22:21+00:00","dateModified":"2025-04-09T12:22:35+00:00","description":"Enhance risk assessment with SmartGuard\u2019s real-time monitoring. Reduce losses, detect risks early, and optimize insurance processes.","breadcrumb":{"@id":"https:\/\/smartguardtechnology.com\/insurance-companies\/#breadcrumb"},"inLanguage":"hu","potentialAction":[{"@type":"ReadAction","target":["https:\/\/smartguardtechnology.com\/insurance-companies\/"]}]},{"@type":"ImageObject","inLanguage":"hu","@id":"https:\/\/smartguardtechnology.com\/insurance-companies\/#primaryimage","url":"https:\/\/smartguardtechnology.com\/wp-content\/uploads\/2025\/03\/SG_logo_final_lyukasztott.png","contentUrl":"https:\/\/smartguardtechnology.com\/wp-content\/uploads\/2025\/03\/SG_logo_final_lyukasztott.png","width":432,"height":432},{"@type":"BreadcrumbList","@id":"https:\/\/smartguardtechnology.com\/insurance-companies\/#breadcrumb","itemListElement":[{"@type":"ListItem","position":1,"name":"Home","item":"https:\/\/smartguardtechnology.com\/"},{"@type":"ListItem","position":2,"name":"Insurance companies"}]},{"@type":"WebSite","@id":"https:\/\/smartguardtechnology.com\/#website","url":"https:\/\/smartguardtechnology.com\/","name":"Smartguardtechnology","description":"","potentialAction":[{"@type":"SearchAction","target":{"@type":"EntryPoint","urlTemplate":"https:\/\/smartguardtechnology.com\/?s={search_term_string}"},"query-input":{"@type":"PropertyValueSpecification","valueRequired":true,"valueName":"search_term_string"}}],"inLanguage":"hu"}]}},"_links":{"self":[{"href":"https:\/\/smartguardtechnology.com\/hu\/wp-json\/wp\/v2\/pages\/266","targetHints":{"allow":["GET"]}}],"collection":[{"href":"https:\/\/smartguardtechnology.com\/hu\/wp-json\/wp\/v2\/pages"}],"about":[{"href":"https:\/\/smartguardtechnology.com\/hu\/wp-json\/wp\/v2\/types\/page"}],"author":[{"embeddable":true,"href":"https:\/\/smartguardtechnology.com\/hu\/wp-json\/wp\/v2\/users\/1"}],"replies":[{"embeddable":true,"href":"https:\/\/smartguardtechnology.com\/hu\/wp-json\/wp\/v2\/comments?post=266"}],"version-history":[{"count":10,"href":"https:\/\/smartguardtechnology.com\/hu\/wp-json\/wp\/v2\/pages\/266\/revisions"}],"predecessor-version":[{"id":516,"href":"https:\/\/smartguardtechnology.com\/hu\/wp-json\/wp\/v2\/pages\/266\/revisions\/516"}],"wp:featuredmedia":[{"embeddable":true,"href":"https:\/\/smartguardtechnology.com\/hu\/wp-json\/wp\/v2\/media\/456"}],"wp:attachment":[{"href":"https:\/\/smartguardtechnology.com\/hu\/wp-json\/wp\/v2\/media?parent=266"}],"curies":[{"name":"wp","href":"https:\/\/api.w.org\/{rel}","templated":true}]}}