{"id":272,"date":"2025-02-12T13:23:16","date_gmt":"2025-02-12T13:23:16","guid":{"rendered":"https:\/\/smartguardtechnology.com\/?page_id=272"},"modified":"2025-04-09T12:31:42","modified_gmt":"2025-04-09T12:31:42","slug":"sports-medicine-clinics-and-sports-clubs","status":"publish","type":"page","link":"https:\/\/smartguardtechnology.com\/hu\/sports-medicine-clinics-and-sports-clubs\/","title":{"rendered":"Sports medicine clinics and sports clubs"},"content":{"rendered":"","protected":false},"excerpt":{"rendered":"","protected":false},"author":1,"featured_media":456,"parent":0,"menu_order":0,"comment_status":"closed","ping_status":"closed","template":"industry_subpage.php","meta":{"_acf_changed":false,"footnotes":""},"class_list":["post-272","page","type-page","status-publish","has-post-thumbnail","hentry"],"acf":[],"yoast_head":"<!-- This site is optimized with the Yoast SEO plugin v27.2 - https:\/\/yoast.com\/product\/yoast-seo-wordpress\/ -->\n<title>Prevent Injuries &amp; Optimize Performance | SmartGuard<\/title>\n<meta name=\"description\" content=\"SmartGuard\u2019s IoT-based monitoring helps sports clinics and clubs prevent injuries, optimize recovery, and track performance in real-time.\" \/>\n<meta name=\"robots\" content=\"index, follow, max-snippet:-1, max-image-preview:large, max-video-preview:-1\" \/>\n<link rel=\"canonical\" href=\"https:\/\/smartguardtechnology.com\/hu\/sports-medicine-clinics-and-sports-clubs\/\" \/>\n<meta property=\"og:locale\" content=\"hu_HU\" \/>\n<meta property=\"og:type\" content=\"article\" \/>\n<meta property=\"og:title\" content=\"Prevent Injuries &amp; Optimize Performance | SmartGuard\" \/>\n<meta property=\"og:description\" content=\"SmartGuard\u2019s IoT-based monitoring helps sports clinics and clubs prevent injuries, optimize recovery, and track performance in real-time.\" \/>\n<meta property=\"og:url\" content=\"https:\/\/smartguardtechnology.com\/hu\/sports-medicine-clinics-and-sports-clubs\/\" \/>\n<meta property=\"og:site_name\" content=\"Smart Guard Technology\" \/>\n<meta property=\"article:modified_time\" content=\"2025-04-09T12:31:42+00:00\" \/>\n<meta property=\"og:image\" content=\"https:\/\/smartguardtechnology.com\/wp-content\/uploads\/2025\/03\/SG_logo_final_lyukasztott.png\" \/>\n\t<meta property=\"og:image:width\" content=\"432\" \/>\n\t<meta property=\"og:image:height\" content=\"432\" \/>\n\t<meta property=\"og:image:type\" content=\"image\/png\" \/>\n<meta name=\"twitter:card\" content=\"summary_large_image\" \/>\n<meta name=\"twitter:label1\" content=\"Becs\u00fclt olvas\u00e1si id\u0151\" \/>\n\t<meta name=\"twitter:data1\" content=\"1 perc\" \/>\n<script type=\"application\/ld+json\" class=\"yoast-schema-graph\">{\"@context\":\"https:\/\/schema.org\",\"@graph\":[{\"@type\":\"WebPage\",\"@id\":\"https:\/\/smartguardtechnology.com\/sports-medicine-clinics-and-sports-clubs\/\",\"url\":\"https:\/\/smartguardtechnology.com\/sports-medicine-clinics-and-sports-clubs\/\",\"name\":\"Prevent Injuries & Optimize Performance | SmartGuard\",\"isPartOf\":{\"@id\":\"https:\/\/smartguardtechnology.com\/#website\"},\"primaryImageOfPage\":{\"@id\":\"https:\/\/smartguardtechnology.com\/sports-medicine-clinics-and-sports-clubs\/#primaryimage\"},\"image\":{\"@id\":\"https:\/\/smartguardtechnology.com\/sports-medicine-clinics-and-sports-clubs\/#primaryimage\"},\"thumbnailUrl\":\"https:\/\/smartguardtechnology.com\/wp-content\/uploads\/2025\/03\/SG_logo_final_lyukasztott.png\",\"datePublished\":\"2025-02-12T13:23:16+00:00\",\"dateModified\":\"2025-04-09T12:31:42+00:00\",\"description\":\"SmartGuard\u2019s IoT-based monitoring helps sports clinics and clubs prevent injuries, optimize recovery, and track performance in real-time.\",\"breadcrumb\":{\"@id\":\"https:\/\/smartguardtechnology.com\/sports-medicine-clinics-and-sports-clubs\/#breadcrumb\"},\"inLanguage\":\"hu\",\"potentialAction\":[{\"@type\":\"ReadAction\",\"target\":[\"https:\/\/smartguardtechnology.com\/sports-medicine-clinics-and-sports-clubs\/\"]}]},{\"@type\":\"ImageObject\",\"inLanguage\":\"hu\",\"@id\":\"https:\/\/smartguardtechnology.com\/sports-medicine-clinics-and-sports-clubs\/#primaryimage\",\"url\":\"https:\/\/smartguardtechnology.com\/wp-content\/uploads\/2025\/03\/SG_logo_final_lyukasztott.png\",\"contentUrl\":\"https:\/\/smartguardtechnology.com\/wp-content\/uploads\/2025\/03\/SG_logo_final_lyukasztott.png\",\"width\":432,\"height\":432},{\"@type\":\"BreadcrumbList\",\"@id\":\"https:\/\/smartguardtechnology.com\/sports-medicine-clinics-and-sports-clubs\/#breadcrumb\",\"itemListElement\":[{\"@type\":\"ListItem\",\"position\":1,\"name\":\"Home\",\"item\":\"https:\/\/smartguardtechnology.com\/\"},{\"@type\":\"ListItem\",\"position\":2,\"name\":\"Sports medicine clinics and sports clubs\"}]},{\"@type\":\"WebSite\",\"@id\":\"https:\/\/smartguardtechnology.com\/#website\",\"url\":\"https:\/\/smartguardtechnology.com\/\",\"name\":\"Smartguardtechnology\",\"description\":\"\",\"potentialAction\":[{\"@type\":\"SearchAction\",\"target\":{\"@type\":\"EntryPoint\",\"urlTemplate\":\"https:\/\/smartguardtechnology.com\/?s={search_term_string}\"},\"query-input\":{\"@type\":\"PropertyValueSpecification\",\"valueRequired\":true,\"valueName\":\"search_term_string\"}}],\"inLanguage\":\"hu\"}]}<\/script>\n<!-- \/ Yoast SEO plugin. -->","yoast_head_json":{"title":"Prevent Injuries & Optimize Performance | SmartGuard","description":"SmartGuard\u2019s IoT-based monitoring helps sports clinics and clubs prevent injuries, optimize recovery, and track performance in real-time.","robots":{"index":"index","follow":"follow","max-snippet":"max-snippet:-1","max-image-preview":"max-image-preview:large","max-video-preview":"max-video-preview:-1"},"canonical":"https:\/\/smartguardtechnology.com\/hu\/sports-medicine-clinics-and-sports-clubs\/","og_locale":"hu_HU","og_type":"article","og_title":"Prevent Injuries & Optimize Performance | SmartGuard","og_description":"SmartGuard\u2019s IoT-based monitoring helps sports clinics and clubs prevent injuries, optimize recovery, and track performance in real-time.","og_url":"https:\/\/smartguardtechnology.com\/hu\/sports-medicine-clinics-and-sports-clubs\/","og_site_name":"Smart Guard Technology","article_modified_time":"2025-04-09T12:31:42+00:00","og_image":[{"width":432,"height":432,"url":"https:\/\/smartguardtechnology.com\/wp-content\/uploads\/2025\/03\/SG_logo_final_lyukasztott.png","type":"image\/png"}],"twitter_card":"summary_large_image","twitter_misc":{"Becs\u00fclt olvas\u00e1si id\u0151":"1 perc"},"schema":{"@context":"https:\/\/schema.org","@graph":[{"@type":"WebPage","@id":"https:\/\/smartguardtechnology.com\/sports-medicine-clinics-and-sports-clubs\/","url":"https:\/\/smartguardtechnology.com\/sports-medicine-clinics-and-sports-clubs\/","name":"Prevent Injuries & Optimize Performance | SmartGuard","isPartOf":{"@id":"https:\/\/smartguardtechnology.com\/#website"},"primaryImageOfPage":{"@id":"https:\/\/smartguardtechnology.com\/sports-medicine-clinics-and-sports-clubs\/#primaryimage"},"image":{"@id":"https:\/\/smartguardtechnology.com\/sports-medicine-clinics-and-sports-clubs\/#primaryimage"},"thumbnailUrl":"https:\/\/smartguardtechnology.com\/wp-content\/uploads\/2025\/03\/SG_logo_final_lyukasztott.png","datePublished":"2025-02-12T13:23:16+00:00","dateModified":"2025-04-09T12:31:42+00:00","description":"SmartGuard\u2019s IoT-based monitoring helps sports clinics and clubs prevent injuries, optimize recovery, and track performance in real-time.","breadcrumb":{"@id":"https:\/\/smartguardtechnology.com\/sports-medicine-clinics-and-sports-clubs\/#breadcrumb"},"inLanguage":"hu","potentialAction":[{"@type":"ReadAction","target":["https:\/\/smartguardtechnology.com\/sports-medicine-clinics-and-sports-clubs\/"]}]},{"@type":"ImageObject","inLanguage":"hu","@id":"https:\/\/smartguardtechnology.com\/sports-medicine-clinics-and-sports-clubs\/#primaryimage","url":"https:\/\/smartguardtechnology.com\/wp-content\/uploads\/2025\/03\/SG_logo_final_lyukasztott.png","contentUrl":"https:\/\/smartguardtechnology.com\/wp-content\/uploads\/2025\/03\/SG_logo_final_lyukasztott.png","width":432,"height":432},{"@type":"BreadcrumbList","@id":"https:\/\/smartguardtechnology.com\/sports-medicine-clinics-and-sports-clubs\/#breadcrumb","itemListElement":[{"@type":"ListItem","position":1,"name":"Home","item":"https:\/\/smartguardtechnology.com\/"},{"@type":"ListItem","position":2,"name":"Sports medicine clinics and sports clubs"}]},{"@type":"WebSite","@id":"https:\/\/smartguardtechnology.com\/#website","url":"https:\/\/smartguardtechnology.com\/","name":"Smartguardtechnology","description":"","potentialAction":[{"@type":"SearchAction","target":{"@type":"EntryPoint","urlTemplate":"https:\/\/smartguardtechnology.com\/?s={search_term_string}"},"query-input":{"@type":"PropertyValueSpecification","valueRequired":true,"valueName":"search_term_string"}}],"inLanguage":"hu"}]}},"_links":{"self":[{"href":"https:\/\/smartguardtechnology.com\/hu\/wp-json\/wp\/v2\/pages\/272","targetHints":{"allow":["GET"]}}],"collection":[{"href":"https:\/\/smartguardtechnology.com\/hu\/wp-json\/wp\/v2\/pages"}],"about":[{"href":"https:\/\/smartguardtechnology.com\/hu\/wp-json\/wp\/v2\/types\/page"}],"author":[{"embeddable":true,"href":"https:\/\/smartguardtechnology.com\/hu\/wp-json\/wp\/v2\/users\/1"}],"replies":[{"embeddable":true,"href":"https:\/\/smartguardtechnology.com\/hu\/wp-json\/wp\/v2\/comments?post=272"}],"version-history":[{"count":5,"href":"https:\/\/smartguardtechnology.com\/hu\/wp-json\/wp\/v2\/pages\/272\/revisions"}],"predecessor-version":[{"id":526,"href":"https:\/\/smartguardtechnology.com\/hu\/wp-json\/wp\/v2\/pages\/272\/revisions\/526"}],"wp:featuredmedia":[{"embeddable":true,"href":"https:\/\/smartguardtechnology.com\/hu\/wp-json\/wp\/v2\/media\/456"}],"wp:attachment":[{"href":"https:\/\/smartguardtechnology.com\/hu\/wp-json\/wp\/v2\/media?parent=272"}],"curies":[{"name":"wp","href":"https:\/\/api.w.org\/{rel}","templated":true}]}}