{"id":332,"date":"2025-02-14T09:31:28","date_gmt":"2025-02-14T09:31:28","guid":{"rendered":"https:\/\/smartguardtechnology.com\/?page_id=332"},"modified":"2025-03-06T14:21:33","modified_gmt":"2025-03-06T14:21:33","slug":"technical-specification","status":"publish","type":"page","link":"https:\/\/smartguardtechnology.com\/hu\/technical-specification\/","title":{"rendered":"Technical specification"},"content":{"rendered":"<p>Wristworn wearable family of products which is able to measure ECG<br>and health metrics, also having the well-known fitness functions<\/p>","protected":false},"excerpt":{"rendered":"<p>Wristworn wearable family of products which is able to measure ECGand health metrics, also having the well-known fitness functions<\/p>","protected":false},"author":1,"featured_media":456,"parent":0,"menu_order":0,"comment_status":"closed","ping_status":"closed","template":"techspec.php","meta":{"_acf_changed":false,"footnotes":""},"class_list":["post-332","page","type-page","status-publish","has-post-thumbnail","hentry"],"acf":[],"yoast_head":"<!-- This site is optimized with the Yoast SEO plugin v27.2 - https:\/\/yoast.com\/product\/yoast-seo-wordpress\/ -->\n<title>Explore SmartGuard\u2019s IoT Monitoring Technology &amp; Specs<\/title>\n<meta name=\"description\" content=\"Discover the full technical specifications of SmartGuard\u2019s IoT monitoring system. Explore hardware, software and advanced features.\" \/>\n<meta name=\"robots\" content=\"index, follow, max-snippet:-1, max-image-preview:large, max-video-preview:-1\" \/>\n<link rel=\"canonical\" href=\"https:\/\/smartguardtechnology.com\/hu\/technical-specification\/\" \/>\n<meta property=\"og:locale\" content=\"hu_HU\" \/>\n<meta property=\"og:type\" content=\"article\" \/>\n<meta property=\"og:title\" content=\"Explore SmartGuard\u2019s IoT Monitoring Technology &amp; Specs\" \/>\n<meta property=\"og:description\" content=\"Discover the full technical specifications of SmartGuard\u2019s IoT monitoring system. Explore hardware, software and advanced features.\" \/>\n<meta property=\"og:url\" content=\"https:\/\/smartguardtechnology.com\/hu\/technical-specification\/\" \/>\n<meta property=\"og:site_name\" content=\"Smart Guard Technology\" \/>\n<meta property=\"article:modified_time\" content=\"2025-03-06T14:21:33+00:00\" \/>\n<meta property=\"og:image\" content=\"https:\/\/smartguardtechnology.com\/wp-content\/uploads\/2025\/03\/SG_logo_final_lyukasztott.png\" \/>\n\t<meta property=\"og:image:width\" content=\"432\" \/>\n\t<meta property=\"og:image:height\" content=\"432\" \/>\n\t<meta property=\"og:image:type\" content=\"image\/png\" \/>\n<meta name=\"twitter:card\" content=\"summary_large_image\" \/>\n<meta name=\"twitter:label1\" content=\"Becs\u00fclt olvas\u00e1si id\u0151\" \/>\n\t<meta name=\"twitter:data1\" content=\"1 perc\" \/>\n<script type=\"application\/ld+json\" class=\"yoast-schema-graph\">{\"@context\":\"https:\/\/schema.org\",\"@graph\":[{\"@type\":\"WebPage\",\"@id\":\"https:\/\/smartguardtechnology.com\/technical-specification\/\",\"url\":\"https:\/\/smartguardtechnology.com\/technical-specification\/\",\"name\":\"Explore SmartGuard\u2019s IoT Monitoring Technology & Specs\",\"isPartOf\":{\"@id\":\"https:\/\/smartguardtechnology.com\/#website\"},\"primaryImageOfPage\":{\"@id\":\"https:\/\/smartguardtechnology.com\/technical-specification\/#primaryimage\"},\"image\":{\"@id\":\"https:\/\/smartguardtechnology.com\/technical-specification\/#primaryimage\"},\"thumbnailUrl\":\"https:\/\/smartguardtechnology.com\/wp-content\/uploads\/2025\/03\/SG_logo_final_lyukasztott.png\",\"datePublished\":\"2025-02-14T09:31:28+00:00\",\"dateModified\":\"2025-03-06T14:21:33+00:00\",\"description\":\"Discover the full technical specifications of SmartGuard\u2019s IoT monitoring system. Explore hardware, software and advanced features.\",\"breadcrumb\":{\"@id\":\"https:\/\/smartguardtechnology.com\/technical-specification\/#breadcrumb\"},\"inLanguage\":\"hu\",\"potentialAction\":[{\"@type\":\"ReadAction\",\"target\":[\"https:\/\/smartguardtechnology.com\/technical-specification\/\"]}]},{\"@type\":\"ImageObject\",\"inLanguage\":\"hu\",\"@id\":\"https:\/\/smartguardtechnology.com\/technical-specification\/#primaryimage\",\"url\":\"https:\/\/smartguardtechnology.com\/wp-content\/uploads\/2025\/03\/SG_logo_final_lyukasztott.png\",\"contentUrl\":\"https:\/\/smartguardtechnology.com\/wp-content\/uploads\/2025\/03\/SG_logo_final_lyukasztott.png\",\"width\":432,\"height\":432},{\"@type\":\"BreadcrumbList\",\"@id\":\"https:\/\/smartguardtechnology.com\/technical-specification\/#breadcrumb\",\"itemListElement\":[{\"@type\":\"ListItem\",\"position\":1,\"name\":\"Home\",\"item\":\"https:\/\/smartguardtechnology.com\/\"},{\"@type\":\"ListItem\",\"position\":2,\"name\":\"Technical specification\"}]},{\"@type\":\"WebSite\",\"@id\":\"https:\/\/smartguardtechnology.com\/#website\",\"url\":\"https:\/\/smartguardtechnology.com\/\",\"name\":\"Smartguardtechnology\",\"description\":\"\",\"potentialAction\":[{\"@type\":\"SearchAction\",\"target\":{\"@type\":\"EntryPoint\",\"urlTemplate\":\"https:\/\/smartguardtechnology.com\/?s={search_term_string}\"},\"query-input\":{\"@type\":\"PropertyValueSpecification\",\"valueRequired\":true,\"valueName\":\"search_term_string\"}}],\"inLanguage\":\"hu\"}]}<\/script>\n<!-- \/ Yoast SEO plugin. -->","yoast_head_json":{"title":"Explore SmartGuard\u2019s IoT Monitoring Technology & Specs","description":"Discover the full technical specifications of SmartGuard\u2019s IoT monitoring system. Explore hardware, software and advanced features.","robots":{"index":"index","follow":"follow","max-snippet":"max-snippet:-1","max-image-preview":"max-image-preview:large","max-video-preview":"max-video-preview:-1"},"canonical":"https:\/\/smartguardtechnology.com\/hu\/technical-specification\/","og_locale":"hu_HU","og_type":"article","og_title":"Explore SmartGuard\u2019s IoT Monitoring Technology & Specs","og_description":"Discover the full technical specifications of SmartGuard\u2019s IoT monitoring system. Explore hardware, software and advanced features.","og_url":"https:\/\/smartguardtechnology.com\/hu\/technical-specification\/","og_site_name":"Smart Guard Technology","article_modified_time":"2025-03-06T14:21:33+00:00","og_image":[{"width":432,"height":432,"url":"https:\/\/smartguardtechnology.com\/wp-content\/uploads\/2025\/03\/SG_logo_final_lyukasztott.png","type":"image\/png"}],"twitter_card":"summary_large_image","twitter_misc":{"Becs\u00fclt olvas\u00e1si id\u0151":"1 perc"},"schema":{"@context":"https:\/\/schema.org","@graph":[{"@type":"WebPage","@id":"https:\/\/smartguardtechnology.com\/technical-specification\/","url":"https:\/\/smartguardtechnology.com\/technical-specification\/","name":"Explore SmartGuard\u2019s IoT Monitoring Technology & Specs","isPartOf":{"@id":"https:\/\/smartguardtechnology.com\/#website"},"primaryImageOfPage":{"@id":"https:\/\/smartguardtechnology.com\/technical-specification\/#primaryimage"},"image":{"@id":"https:\/\/smartguardtechnology.com\/technical-specification\/#primaryimage"},"thumbnailUrl":"https:\/\/smartguardtechnology.com\/wp-content\/uploads\/2025\/03\/SG_logo_final_lyukasztott.png","datePublished":"2025-02-14T09:31:28+00:00","dateModified":"2025-03-06T14:21:33+00:00","description":"Discover the full technical specifications of SmartGuard\u2019s IoT monitoring system. Explore hardware, software and advanced features.","breadcrumb":{"@id":"https:\/\/smartguardtechnology.com\/technical-specification\/#breadcrumb"},"inLanguage":"hu","potentialAction":[{"@type":"ReadAction","target":["https:\/\/smartguardtechnology.com\/technical-specification\/"]}]},{"@type":"ImageObject","inLanguage":"hu","@id":"https:\/\/smartguardtechnology.com\/technical-specification\/#primaryimage","url":"https:\/\/smartguardtechnology.com\/wp-content\/uploads\/2025\/03\/SG_logo_final_lyukasztott.png","contentUrl":"https:\/\/smartguardtechnology.com\/wp-content\/uploads\/2025\/03\/SG_logo_final_lyukasztott.png","width":432,"height":432},{"@type":"BreadcrumbList","@id":"https:\/\/smartguardtechnology.com\/technical-specification\/#breadcrumb","itemListElement":[{"@type":"ListItem","position":1,"name":"Home","item":"https:\/\/smartguardtechnology.com\/"},{"@type":"ListItem","position":2,"name":"Technical specification"}]},{"@type":"WebSite","@id":"https:\/\/smartguardtechnology.com\/#website","url":"https:\/\/smartguardtechnology.com\/","name":"Smartguardtechnology","description":"","potentialAction":[{"@type":"SearchAction","target":{"@type":"EntryPoint","urlTemplate":"https:\/\/smartguardtechnology.com\/?s={search_term_string}"},"query-input":{"@type":"PropertyValueSpecification","valueRequired":true,"valueName":"search_term_string"}}],"inLanguage":"hu"}]}},"_links":{"self":[{"href":"https:\/\/smartguardtechnology.com\/hu\/wp-json\/wp\/v2\/pages\/332","targetHints":{"allow":["GET"]}}],"collection":[{"href":"https:\/\/smartguardtechnology.com\/hu\/wp-json\/wp\/v2\/pages"}],"about":[{"href":"https:\/\/smartguardtechnology.com\/hu\/wp-json\/wp\/v2\/types\/page"}],"author":[{"embeddable":true,"href":"https:\/\/smartguardtechnology.com\/hu\/wp-json\/wp\/v2\/users\/1"}],"replies":[{"embeddable":true,"href":"https:\/\/smartguardtechnology.com\/hu\/wp-json\/wp\/v2\/comments?post=332"}],"version-history":[{"count":14,"href":"https:\/\/smartguardtechnology.com\/hu\/wp-json\/wp\/v2\/pages\/332\/revisions"}],"predecessor-version":[{"id":406,"href":"https:\/\/smartguardtechnology.com\/hu\/wp-json\/wp\/v2\/pages\/332\/revisions\/406"}],"wp:featuredmedia":[{"embeddable":true,"href":"https:\/\/smartguardtechnology.com\/hu\/wp-json\/wp\/v2\/media\/456"}],"wp:attachment":[{"href":"https:\/\/smartguardtechnology.com\/hu\/wp-json\/wp\/v2\/media?parent=332"}],"curies":[{"name":"wp","href":"https:\/\/api.w.org\/{rel}","templated":true}]}}