{"id":462,"date":"2025-03-13T08:59:24","date_gmt":"2025-03-13T08:59:24","guid":{"rendered":"https:\/\/smartguardtechnology.com\/?page_id=462"},"modified":"2026-04-26T15:58:30","modified_gmt":"2026-04-26T15:58:30","slug":"news","status":"publish","type":"page","link":"https:\/\/smartguardtechnology.com\/hu\/news\/","title":{"rendered":"News"},"content":{"rendered":"<div id=\"ajax-load-more\" class=\"ajax-load-more-wrap infinite classic\"  data-alm-id=\"\" data-canonical-url=\"https:\/\/smartguardtechnology.com\/hu\/news\/\" data-slug=\"news\" data-post-id=\"462\"  data-localized=\"ajax_load_more_vars\" data-alm-object=\"ajax_load_more\"><div aria-live=\"polite\" aria-atomic=\"true\" class=\"alm-listing alm-ajax .blog_item\" data-container-type=\"div\" data-loading-style=\"infinite classic\" data-repeater=\"default\" data-post-type=\"post\" data-order=\"DESC\" data-orderby=\"date\" data-offset=\"0\" data-posts-per-page=\"3\" data-pause-override=\"true\" data-button-label=\"Load More\" data-prev-button-label=\"Load Previous\"><\/div><div class=\"alm-btn-wrap\" data-rel=\"ajax-load-more\"><button class=\"alm-load-more-btn\" type=\"button\">Load More<\/button><\/div><\/div>","protected":false},"excerpt":{"rendered":"","protected":false},"author":1,"featured_media":0,"parent":0,"menu_order":0,"comment_status":"closed","ping_status":"closed","template":"blog_subpage.php","meta":{"_acf_changed":false,"footnotes":""},"class_list":["post-462","page","type-page","status-publish","hentry"],"acf":[],"yoast_head":"<!-- This site is optimized with the Yoast SEO plugin v27.2 - https:\/\/yoast.com\/product\/yoast-seo-wordpress\/ -->\n<title>News - Smart Guard Technology<\/title>\n<meta name=\"robots\" content=\"index, follow, max-snippet:-1, max-image-preview:large, max-video-preview:-1\" \/>\n<link rel=\"canonical\" href=\"https:\/\/smartguardtechnology.com\/hu\/news\/\" \/>\n<meta property=\"og:locale\" content=\"hu_HU\" \/>\n<meta property=\"og:type\" content=\"article\" \/>\n<meta property=\"og:title\" content=\"News - Smart Guard Technology\" \/>\n<meta property=\"og:url\" content=\"https:\/\/smartguardtechnology.com\/hu\/news\/\" \/>\n<meta property=\"og:site_name\" content=\"Smart Guard Technology\" \/>\n<meta property=\"article:modified_time\" content=\"2026-04-26T15:58:30+00:00\" \/>\n<meta name=\"twitter:card\" content=\"summary_large_image\" \/>\n<meta name=\"twitter:label1\" content=\"Becs\u00fclt olvas\u00e1si id\u0151\" \/>\n\t<meta name=\"twitter:data1\" content=\"1 perc\" \/>\n<script type=\"application\/ld+json\" class=\"yoast-schema-graph\">{\"@context\":\"https:\/\/schema.org\",\"@graph\":[{\"@type\":\"WebPage\",\"@id\":\"https:\/\/smartguardtechnology.com\/news\/\",\"url\":\"https:\/\/smartguardtechnology.com\/news\/\",\"name\":\"News - Smart Guard Technology\",\"isPartOf\":{\"@id\":\"https:\/\/smartguardtechnology.com\/#website\"},\"datePublished\":\"2025-03-13T08:59:24+00:00\",\"dateModified\":\"2026-04-26T15:58:30+00:00\",\"breadcrumb\":{\"@id\":\"https:\/\/smartguardtechnology.com\/news\/#breadcrumb\"},\"inLanguage\":\"hu\",\"potentialAction\":[{\"@type\":\"ReadAction\",\"target\":[\"https:\/\/smartguardtechnology.com\/news\/\"]}]},{\"@type\":\"BreadcrumbList\",\"@id\":\"https:\/\/smartguardtechnology.com\/news\/#breadcrumb\",\"itemListElement\":[{\"@type\":\"ListItem\",\"position\":1,\"name\":\"Home\",\"item\":\"https:\/\/smartguardtechnology.com\/\"},{\"@type\":\"ListItem\",\"position\":2,\"name\":\"News\"}]},{\"@type\":\"WebSite\",\"@id\":\"https:\/\/smartguardtechnology.com\/#website\",\"url\":\"https:\/\/smartguardtechnology.com\/\",\"name\":\"Smartguardtechnology\",\"description\":\"\",\"potentialAction\":[{\"@type\":\"SearchAction\",\"target\":{\"@type\":\"EntryPoint\",\"urlTemplate\":\"https:\/\/smartguardtechnology.com\/?s={search_term_string}\"},\"query-input\":{\"@type\":\"PropertyValueSpecification\",\"valueRequired\":true,\"valueName\":\"search_term_string\"}}],\"inLanguage\":\"hu\"}]}<\/script>\n<!-- \/ Yoast SEO plugin. -->","yoast_head_json":{"title":"News - Smart Guard Technology","robots":{"index":"index","follow":"follow","max-snippet":"max-snippet:-1","max-image-preview":"max-image-preview:large","max-video-preview":"max-video-preview:-1"},"canonical":"https:\/\/smartguardtechnology.com\/hu\/news\/","og_locale":"hu_HU","og_type":"article","og_title":"News - Smart Guard Technology","og_url":"https:\/\/smartguardtechnology.com\/hu\/news\/","og_site_name":"Smart Guard Technology","article_modified_time":"2026-04-26T15:58:30+00:00","twitter_card":"summary_large_image","twitter_misc":{"Becs\u00fclt olvas\u00e1si id\u0151":"1 perc"},"schema":{"@context":"https:\/\/schema.org","@graph":[{"@type":"WebPage","@id":"https:\/\/smartguardtechnology.com\/news\/","url":"https:\/\/smartguardtechnology.com\/news\/","name":"News - Smart Guard Technology","isPartOf":{"@id":"https:\/\/smartguardtechnology.com\/#website"},"datePublished":"2025-03-13T08:59:24+00:00","dateModified":"2026-04-26T15:58:30+00:00","breadcrumb":{"@id":"https:\/\/smartguardtechnology.com\/news\/#breadcrumb"},"inLanguage":"hu","potentialAction":[{"@type":"ReadAction","target":["https:\/\/smartguardtechnology.com\/news\/"]}]},{"@type":"BreadcrumbList","@id":"https:\/\/smartguardtechnology.com\/news\/#breadcrumb","itemListElement":[{"@type":"ListItem","position":1,"name":"Home","item":"https:\/\/smartguardtechnology.com\/"},{"@type":"ListItem","position":2,"name":"News"}]},{"@type":"WebSite","@id":"https:\/\/smartguardtechnology.com\/#website","url":"https:\/\/smartguardtechnology.com\/","name":"Smartguardtechnology","description":"","potentialAction":[{"@type":"SearchAction","target":{"@type":"EntryPoint","urlTemplate":"https:\/\/smartguardtechnology.com\/?s={search_term_string}"},"query-input":{"@type":"PropertyValueSpecification","valueRequired":true,"valueName":"search_term_string"}}],"inLanguage":"hu"}]}},"_links":{"self":[{"href":"https:\/\/smartguardtechnology.com\/hu\/wp-json\/wp\/v2\/pages\/462","targetHints":{"allow":["GET"]}}],"collection":[{"href":"https:\/\/smartguardtechnology.com\/hu\/wp-json\/wp\/v2\/pages"}],"about":[{"href":"https:\/\/smartguardtechnology.com\/hu\/wp-json\/wp\/v2\/types\/page"}],"author":[{"embeddable":true,"href":"https:\/\/smartguardtechnology.com\/hu\/wp-json\/wp\/v2\/users\/1"}],"replies":[{"embeddable":true,"href":"https:\/\/smartguardtechnology.com\/hu\/wp-json\/wp\/v2\/comments?post=462"}],"version-history":[{"count":10,"href":"https:\/\/smartguardtechnology.com\/hu\/wp-json\/wp\/v2\/pages\/462\/revisions"}],"predecessor-version":[{"id":558,"href":"https:\/\/smartguardtechnology.com\/hu\/wp-json\/wp\/v2\/pages\/462\/revisions\/558"}],"wp:attachment":[{"href":"https:\/\/smartguardtechnology.com\/hu\/wp-json\/wp\/v2\/media?parent=462"}],"curies":[{"name":"wp","href":"https:\/\/api.w.org\/{rel}","templated":true}]}}